{"id":2267,"date":"2023-01-13T16:22:52","date_gmt":"2023-01-13T15:22:52","guid":{"rendered":"http:\/\/artofdoris.com\/?post_type=product&#038;p=2267"},"modified":"2025-01-09T21:29:22","modified_gmt":"2025-01-09T20:29:22","slug":"niedopatrzenie","status":"publish","type":"product","link":"https:\/\/artofdoris.com\/en\/product\/niedopatrzenie\/","title":{"rendered":"Niedopatrzenie"},"content":{"rendered":"<p>Kolekcja Alter ego zacz\u0119\u0142a si\u0119 par\u0119 lat  temu od obraz\u00f3w, w kt\u00f3rych pojawi\u0142y si\u0119 zarysy sylwetek kobiet. Pocz\u0105tkowo niewyra\u017ane, jakby do ko\u0144ca nieukszta\u0142towane. Przedstawiaj\u0105 one duchowy realizm &#8211; r\u00f3\u017cne stany emocjonalne, jakby w fazie kszta\u0142towania pi\u0119kna. St\u0105d czasami sylwetki s\u0105 nieproporcjonalne, bez twarzy, z wyeksponowanym detalem, kt\u00f3ry ma odwr\u00f3ci\u0107 wzrok odbiorcy.<\/p>","protected":false},"excerpt":{"rendered":"<p>Z kolekcji Alter ego<br \/>\nNiedopatrzenie<br \/>\nRozmiar: 60&#215;80<\/p>\n<p>Kolekcja Alter ego zacz\u0119\u0142a si\u0119 par\u0119 lat  temu od obraz\u00f3w, w kt\u00f3rych pojawi\u0142y si\u0119 zarysy sylwetek kobiet. Pocz\u0105tkowo niewyra\u017ane, jakby do ko\u0144ca nieukszta\u0142towane. Przedstawiaj\u0105 one duchowy realizm &#8211; r\u00f3\u017cne stany emocjonalne, jakby w fazie kszta\u0142towania pi\u0119kna. St\u0105d czasami sylwetki s\u0105 nieproporcjonalne, bez twarzy, z wyeksponowanym detalem, kt\u00f3ry ma odwr\u00f3ci\u0107 wzrok odbiorcy.<\/p>","protected":false},"featured_media":2254,"comment_status":"open","ping_status":"closed","template":"","meta":{"content-type":""},"product_cat":[21],"product_tag":[],"class_list":{"0":"post-2267","1":"product","2":"type-product","3":"status-publish","4":"has-post-thumbnail","6":"product_cat-z-kolekcji-alter-ego","8":"first","9":"instock","10":"shipping-taxable","11":"purchasable","12":"product-type-simple"},"aioseo_notices":[],"_links":{"self":[{"href":"https:\/\/artofdoris.com\/en\/wp-json\/wp\/v2\/product\/2267"}],"collection":[{"href":"https:\/\/artofdoris.com\/en\/wp-json\/wp\/v2\/product"}],"about":[{"href":"https:\/\/artofdoris.com\/en\/wp-json\/wp\/v2\/types\/product"}],"replies":[{"embeddable":true,"href":"https:\/\/artofdoris.com\/en\/wp-json\/wp\/v2\/comments?post=2267"}],"wp:featuredmedia":[{"embeddable":true,"href":"https:\/\/artofdoris.com\/en\/wp-json\/wp\/v2\/media\/2254"}],"wp:attachment":[{"href":"https:\/\/artofdoris.com\/en\/wp-json\/wp\/v2\/media?parent=2267"}],"wp:term":[{"taxonomy":"product_cat","embeddable":true,"href":"https:\/\/artofdoris.com\/en\/wp-json\/wp\/v2\/product_cat?post=2267"},{"taxonomy":"product_tag","embeddable":true,"href":"https:\/\/artofdoris.com\/en\/wp-json\/wp\/v2\/product_tag?post=2267"}],"curies":[{"name":"wp","href":"https:\/\/api.w.org\/{rel}","templated":true}]}}