{"id":2327,"date":"2023-03-05T14:38:50","date_gmt":"2023-03-05T13:38:50","guid":{"rendered":"http:\/\/artofdoris.com\/?post_type=product&#038;p=2327"},"modified":"2026-01-16T22:32:41","modified_gmt":"2026-01-16T21:32:41","slug":"baletnice","status":"publish","type":"product","link":"https:\/\/artofdoris.com\/en\/product\/baletnice\/","title":{"rendered":"Baletnice"},"content":{"rendered":"","protected":false},"excerpt":{"rendered":"<p>Baletnice<\/p>\n<p>Tancerki s\u0105 uciele\u015bnieniem elegancji, subtelno\u015bci, harmonii, perfekcji, wytrwa\u0142o\u015bci. Idealne na prezent. <\/p>","protected":false},"featured_media":2438,"comment_status":"open","ping_status":"closed","template":"","meta":{"content-type":""},"product_cat":[21],"product_tag":[],"class_list":{"0":"post-2327","1":"product","2":"type-product","3":"status-publish","4":"has-post-thumbnail","6":"product_cat-z-kolekcji-alter-ego","8":"first","9":"instock","10":"shipping-taxable","11":"purchasable","12":"product-type-simple"},"aioseo_notices":[],"_links":{"self":[{"href":"https:\/\/artofdoris.com\/en\/wp-json\/wp\/v2\/product\/2327"}],"collection":[{"href":"https:\/\/artofdoris.com\/en\/wp-json\/wp\/v2\/product"}],"about":[{"href":"https:\/\/artofdoris.com\/en\/wp-json\/wp\/v2\/types\/product"}],"replies":[{"embeddable":true,"href":"https:\/\/artofdoris.com\/en\/wp-json\/wp\/v2\/comments?post=2327"}],"wp:featuredmedia":[{"embeddable":true,"href":"https:\/\/artofdoris.com\/en\/wp-json\/wp\/v2\/media\/2438"}],"wp:attachment":[{"href":"https:\/\/artofdoris.com\/en\/wp-json\/wp\/v2\/media?parent=2327"}],"wp:term":[{"taxonomy":"product_cat","embeddable":true,"href":"https:\/\/artofdoris.com\/en\/wp-json\/wp\/v2\/product_cat?post=2327"},{"taxonomy":"product_tag","embeddable":true,"href":"https:\/\/artofdoris.com\/en\/wp-json\/wp\/v2\/product_tag?post=2327"}],"curies":[{"name":"wp","href":"https:\/\/api.w.org\/{rel}","templated":true}]}}