{"id":2384,"date":"2023-11-02T14:56:05","date_gmt":"2023-11-02T13:56:05","guid":{"rendered":"http:\/\/artofdoris.com\/?post_type=product&#038;p=2384"},"modified":"2026-01-16T22:26:20","modified_gmt":"2026-01-16T21:26:20","slug":"torba-miasto-noca","status":"publish","type":"product","link":"https:\/\/artofdoris.com\/en\/product\/torba-miasto-noca\/","title":{"rendered":"Torba Miasto noc\u0105 &#8211; SPRZEDANA"},"content":{"rendered":"<p>Torby r\u0119cznie malowane to nowy unikat w\u015br\u00f3d produkt\u00f3w. Ekologiczny, lniany materia\u0142 torby zosta\u0142 upi\u0119kszony obrazem. Mo\u017cliwo\u015b\u0107 zam\u00f3wienia spersonalizowanej torby na \u017cyczenie klienta (projekt indywidualny).<\/p>","protected":false},"excerpt":{"rendered":"<p>Torba Miasto noc\u0105<br \/>\nUnikatowa r\u0119cznie malowana torba z motywem architektonicznym &#8211; Miasto noc\u0105.<\/p>\n<p>SPRZEDANA<\/p>","protected":false},"featured_media":2385,"comment_status":"open","ping_status":"closed","template":"","meta":{"content-type":""},"product_cat":[28],"product_tag":[],"class_list":{"0":"post-2384","1":"product","2":"type-product","3":"status-publish","4":"has-post-thumbnail","6":"product_cat-torby","8":"first","9":"instock","10":"shipping-taxable","11":"purchasable","12":"product-type-simple"},"aioseo_notices":[],"_links":{"self":[{"href":"https:\/\/artofdoris.com\/en\/wp-json\/wp\/v2\/product\/2384"}],"collection":[{"href":"https:\/\/artofdoris.com\/en\/wp-json\/wp\/v2\/product"}],"about":[{"href":"https:\/\/artofdoris.com\/en\/wp-json\/wp\/v2\/types\/product"}],"replies":[{"embeddable":true,"href":"https:\/\/artofdoris.com\/en\/wp-json\/wp\/v2\/comments?post=2384"}],"wp:featuredmedia":[{"embeddable":true,"href":"https:\/\/artofdoris.com\/en\/wp-json\/wp\/v2\/media\/2385"}],"wp:attachment":[{"href":"https:\/\/artofdoris.com\/en\/wp-json\/wp\/v2\/media?parent=2384"}],"wp:term":[{"taxonomy":"product_cat","embeddable":true,"href":"https:\/\/artofdoris.com\/en\/wp-json\/wp\/v2\/product_cat?post=2384"},{"taxonomy":"product_tag","embeddable":true,"href":"https:\/\/artofdoris.com\/en\/wp-json\/wp\/v2\/product_tag?post=2384"}],"curies":[{"name":"wp","href":"https:\/\/api.w.org\/{rel}","templated":true}]}}