{"id":2424,"date":"2024-07-25T21:39:48","date_gmt":"2024-07-25T20:39:48","guid":{"rendered":"http:\/\/artofdoris.com\/?post_type=product&#038;p=2424"},"modified":"2026-01-16T22:32:18","modified_gmt":"2026-01-16T21:32:18","slug":"czarny-kot-odszedl","status":"publish","type":"product","link":"https:\/\/artofdoris.com\/en\/product\/czarny-kot-odszedl\/","title":{"rendered":"Czarny kot odszed\u0142"},"content":{"rendered":"<p>Obraz inspirowany malarstwem W\u0142adys\u0142awa \u015alewi\u0144skiego. <\/p>\n<p>Czarny kot odszed\u0142<br \/>\nOlej na p\u0142\u00f3tnie<br \/>\n80&#215;60<\/p>","protected":false},"excerpt":{"rendered":"<p>Obraz inspirowany malarstwem W\u0142adys\u0142awa \u015alewi\u0144skiego. <\/p>\n<p>Czarny kot odszed\u0142<br \/>\nOlej na p\u0142\u00f3tnie<br \/>\n80&#215;60<\/p>","protected":false},"featured_media":2432,"comment_status":"open","ping_status":"closed","template":"","meta":{"content-type":""},"product_cat":[21],"product_tag":[],"class_list":{"0":"post-2424","1":"product","2":"type-product","3":"status-publish","4":"has-post-thumbnail","6":"product_cat-z-kolekcji-alter-ego","8":"first","9":"instock","10":"shipping-taxable","11":"purchasable","12":"product-type-simple"},"aioseo_notices":[],"_links":{"self":[{"href":"https:\/\/artofdoris.com\/en\/wp-json\/wp\/v2\/product\/2424"}],"collection":[{"href":"https:\/\/artofdoris.com\/en\/wp-json\/wp\/v2\/product"}],"about":[{"href":"https:\/\/artofdoris.com\/en\/wp-json\/wp\/v2\/types\/product"}],"replies":[{"embeddable":true,"href":"https:\/\/artofdoris.com\/en\/wp-json\/wp\/v2\/comments?post=2424"}],"wp:featuredmedia":[{"embeddable":true,"href":"https:\/\/artofdoris.com\/en\/wp-json\/wp\/v2\/media\/2432"}],"wp:attachment":[{"href":"https:\/\/artofdoris.com\/en\/wp-json\/wp\/v2\/media?parent=2424"}],"wp:term":[{"taxonomy":"product_cat","embeddable":true,"href":"https:\/\/artofdoris.com\/en\/wp-json\/wp\/v2\/product_cat?post=2424"},{"taxonomy":"product_tag","embeddable":true,"href":"https:\/\/artofdoris.com\/en\/wp-json\/wp\/v2\/product_tag?post=2424"}],"curies":[{"name":"wp","href":"https:\/\/api.w.org\/{rel}","templated":true}]}}