{"id":2431,"date":"2024-07-25T21:45:31","date_gmt":"2024-07-25T20:45:31","guid":{"rendered":"http:\/\/artofdoris.com\/?post_type=product&#038;p=2431"},"modified":"2026-01-16T22:31:48","modified_gmt":"2026-01-16T21:31:48","slug":"letnie-wspomnienie-dzieciecych-marzen","status":"publish","type":"product","link":"https:\/\/artofdoris.com\/en\/product\/letnie-wspomnienie-dzieciecych-marzen\/","title":{"rendered":"Letnie wspomnienie dzieci\u0119cych marze\u0144"},"content":{"rendered":"<p>Letnie wspomnienie dzieci\u0119cych marze\u0144.<\/p>\n<p>Olej na p\u0142\u00f3tnie<br \/>\n40&#215;40<\/p>","protected":false},"excerpt":{"rendered":"<p>Letnie wspomnienie dzieci\u0119cych marze\u0144.<\/p>\n<p>Olej na p\u0142\u00f3tnie<br \/>\n40&#215;40<\/p>","protected":false},"featured_media":2428,"comment_status":"open","ping_status":"closed","template":"","meta":{"content-type":""},"product_cat":[21],"product_tag":[],"class_list":{"0":"post-2431","1":"product","2":"type-product","3":"status-publish","4":"has-post-thumbnail","6":"product_cat-z-kolekcji-alter-ego","8":"first","9":"instock","10":"shipping-taxable","11":"purchasable","12":"product-type-simple"},"aioseo_notices":[],"_links":{"self":[{"href":"https:\/\/artofdoris.com\/en\/wp-json\/wp\/v2\/product\/2431"}],"collection":[{"href":"https:\/\/artofdoris.com\/en\/wp-json\/wp\/v2\/product"}],"about":[{"href":"https:\/\/artofdoris.com\/en\/wp-json\/wp\/v2\/types\/product"}],"replies":[{"embeddable":true,"href":"https:\/\/artofdoris.com\/en\/wp-json\/wp\/v2\/comments?post=2431"}],"wp:featuredmedia":[{"embeddable":true,"href":"https:\/\/artofdoris.com\/en\/wp-json\/wp\/v2\/media\/2428"}],"wp:attachment":[{"href":"https:\/\/artofdoris.com\/en\/wp-json\/wp\/v2\/media?parent=2431"}],"wp:term":[{"taxonomy":"product_cat","embeddable":true,"href":"https:\/\/artofdoris.com\/en\/wp-json\/wp\/v2\/product_cat?post=2431"},{"taxonomy":"product_tag","embeddable":true,"href":"https:\/\/artofdoris.com\/en\/wp-json\/wp\/v2\/product_tag?post=2431"}],"curies":[{"name":"wp","href":"https:\/\/api.w.org\/{rel}","templated":true}]}}