{"id":2459,"date":"2025-05-03T21:54:37","date_gmt":"2025-05-03T20:54:37","guid":{"rendered":"https:\/\/artofdoris.com\/?post_type=product&#038;p=2459"},"modified":"2026-01-16T22:25:59","modified_gmt":"2026-01-16T21:25:59","slug":"zatoka-zlotych-wspomnien","status":"publish","type":"product","link":"https:\/\/artofdoris.com\/en\/product\/zatoka-zlotych-wspomnien\/","title":{"rendered":"Zatoka z\u0142otych wspomnie\u0144 &#8211; SPRZEDANY"},"content":{"rendered":"","protected":false},"excerpt":{"rendered":"<p>Zatoka z\u0142otych wspomnie\u0144<br \/>\nOlej na p\u0142\u00f3tnie<br \/>\n50&#215;50<br \/>\n2025r.<\/p>\n<p>SPRZEDANY<\/p>","protected":false},"featured_media":2460,"comment_status":"open","ping_status":"closed","template":"","meta":{"content-type":""},"product_cat":[20],"product_tag":[],"class_list":{"0":"post-2459","1":"product","2":"type-product","3":"status-publish","4":"has-post-thumbnail","6":"product_cat-obrazy","8":"first","9":"instock","10":"shipping-taxable","11":"purchasable","12":"product-type-simple"},"aioseo_notices":[],"_links":{"self":[{"href":"https:\/\/artofdoris.com\/en\/wp-json\/wp\/v2\/product\/2459"}],"collection":[{"href":"https:\/\/artofdoris.com\/en\/wp-json\/wp\/v2\/product"}],"about":[{"href":"https:\/\/artofdoris.com\/en\/wp-json\/wp\/v2\/types\/product"}],"replies":[{"embeddable":true,"href":"https:\/\/artofdoris.com\/en\/wp-json\/wp\/v2\/comments?post=2459"}],"wp:featuredmedia":[{"embeddable":true,"href":"https:\/\/artofdoris.com\/en\/wp-json\/wp\/v2\/media\/2460"}],"wp:attachment":[{"href":"https:\/\/artofdoris.com\/en\/wp-json\/wp\/v2\/media?parent=2459"}],"wp:term":[{"taxonomy":"product_cat","embeddable":true,"href":"https:\/\/artofdoris.com\/en\/wp-json\/wp\/v2\/product_cat?post=2459"},{"taxonomy":"product_tag","embeddable":true,"href":"https:\/\/artofdoris.com\/en\/wp-json\/wp\/v2\/product_tag?post=2459"}],"curies":[{"name":"wp","href":"https:\/\/api.w.org\/{rel}","templated":true}]}}