{"id":2461,"date":"2025-05-03T21:56:53","date_gmt":"2025-05-03T20:56:53","guid":{"rendered":"https:\/\/artofdoris.com\/?post_type=product&#038;p=2461"},"modified":"2025-05-03T21:56:53","modified_gmt":"2025-05-03T20:56:53","slug":"glebia-tajemnic","status":"publish","type":"product","link":"https:\/\/artofdoris.com\/en\/product\/glebia-tajemnic\/","title":{"rendered":"G\u0142\u0119bia tajemnic"},"content":{"rendered":"","protected":false},"excerpt":{"rendered":"<p>G\u0142\u0119bia tajemnic<br \/>\nOlej na p\u0142\u00f3tnie<br \/>\n50&#215;50<br \/>\n2025r.<\/p>","protected":false},"featured_media":2462,"comment_status":"open","ping_status":"closed","template":"","meta":{"content-type":""},"product_cat":[20],"product_tag":[],"class_list":{"0":"post-2461","1":"product","2":"type-product","3":"status-publish","4":"has-post-thumbnail","6":"product_cat-obrazy","8":"first","9":"instock","10":"shipping-taxable","11":"purchasable","12":"product-type-simple"},"aioseo_notices":[],"_links":{"self":[{"href":"https:\/\/artofdoris.com\/en\/wp-json\/wp\/v2\/product\/2461"}],"collection":[{"href":"https:\/\/artofdoris.com\/en\/wp-json\/wp\/v2\/product"}],"about":[{"href":"https:\/\/artofdoris.com\/en\/wp-json\/wp\/v2\/types\/product"}],"replies":[{"embeddable":true,"href":"https:\/\/artofdoris.com\/en\/wp-json\/wp\/v2\/comments?post=2461"}],"wp:featuredmedia":[{"embeddable":true,"href":"https:\/\/artofdoris.com\/en\/wp-json\/wp\/v2\/media\/2462"}],"wp:attachment":[{"href":"https:\/\/artofdoris.com\/en\/wp-json\/wp\/v2\/media?parent=2461"}],"wp:term":[{"taxonomy":"product_cat","embeddable":true,"href":"https:\/\/artofdoris.com\/en\/wp-json\/wp\/v2\/product_cat?post=2461"},{"taxonomy":"product_tag","embeddable":true,"href":"https:\/\/artofdoris.com\/en\/wp-json\/wp\/v2\/product_tag?post=2461"}],"curies":[{"name":"wp","href":"https:\/\/api.w.org\/{rel}","templated":true}]}}