{"id":2463,"date":"2025-05-03T21:59:30","date_gmt":"2025-05-03T20:59:30","guid":{"rendered":"https:\/\/artofdoris.com\/?post_type=product&#038;p=2463"},"modified":"2026-01-16T22:25:08","modified_gmt":"2026-01-16T21:25:08","slug":"dotyk-swiatla","status":"publish","type":"product","link":"https:\/\/artofdoris.com\/en\/product\/dotyk-swiatla\/","title":{"rendered":"Dotyk \u015bwiat\u0142a &#8211; SPRZEDANY"},"content":{"rendered":"","protected":false},"excerpt":{"rendered":"<p>Dotyk \u015bwiata<br \/>\nOlej na p\u0142\u00f3tnie<br \/>\n50&#215;50<br \/>\n2025r.<\/p>\n<p>SPRZEDANY<\/p>","protected":false},"featured_media":2464,"comment_status":"open","ping_status":"closed","template":"","meta":{"content-type":""},"product_cat":[20],"product_tag":[],"class_list":{"0":"post-2463","1":"product","2":"type-product","3":"status-publish","4":"has-post-thumbnail","6":"product_cat-obrazy","8":"first","9":"instock","10":"shipping-taxable","11":"purchasable","12":"product-type-simple"},"aioseo_notices":[],"_links":{"self":[{"href":"https:\/\/artofdoris.com\/en\/wp-json\/wp\/v2\/product\/2463"}],"collection":[{"href":"https:\/\/artofdoris.com\/en\/wp-json\/wp\/v2\/product"}],"about":[{"href":"https:\/\/artofdoris.com\/en\/wp-json\/wp\/v2\/types\/product"}],"replies":[{"embeddable":true,"href":"https:\/\/artofdoris.com\/en\/wp-json\/wp\/v2\/comments?post=2463"}],"wp:featuredmedia":[{"embeddable":true,"href":"https:\/\/artofdoris.com\/en\/wp-json\/wp\/v2\/media\/2464"}],"wp:attachment":[{"href":"https:\/\/artofdoris.com\/en\/wp-json\/wp\/v2\/media?parent=2463"}],"wp:term":[{"taxonomy":"product_cat","embeddable":true,"href":"https:\/\/artofdoris.com\/en\/wp-json\/wp\/v2\/product_cat?post=2463"},{"taxonomy":"product_tag","embeddable":true,"href":"https:\/\/artofdoris.com\/en\/wp-json\/wp\/v2\/product_tag?post=2463"}],"curies":[{"name":"wp","href":"https:\/\/api.w.org\/{rel}","templated":true}]}}