{"id":2511,"date":"2025-05-17T23:57:43","date_gmt":"2025-05-17T22:57:43","guid":{"rendered":"https:\/\/artofdoris.com\/?post_type=product&#038;p=2511"},"modified":"2025-05-18T01:04:36","modified_gmt":"2025-05-18T00:04:36","slug":"reprodukcja-w-blekitach-wolnosci","status":"publish","type":"product","link":"https:\/\/artofdoris.com\/en\/product\/reprodukcja-w-blekitach-wolnosci\/","title":{"rendered":"Reprodukcja W b\u0142\u0119kitach wolno\u015bci"},"content":{"rendered":"<p class=\"p1\"><span class=\"s1\">Reprodukcja <\/span><\/p>\n<p class=\"p2\"><span class=\"s2\">W b\u0142\u0119kitach wolno\u015bci<\/span><\/p>\n<p class=\"p2\"><span class=\"s2\">Reprodukcja obrazu o wymiarach 30 x 40 cm<\/span><\/p>\n<p class=\"p2\"><span class=\"s2\">Drukowana jest na papierze bezkwasowym 100%<\/span><\/p>\n<p class=\"p2\"><span class=\"s2\">Bawe\u0142na o gramaturze 320g<\/span><\/p>\n<p class=\"p2\"><span class=\"s2\">Limitowany nak\u0142ad 10 szt.<\/span><\/p>\n<p class=\"p2\"><span class=\"s2\">Do\u0142\u0105czony jest certyfikat autentyczno\u015bci<\/span><\/p>\n<p class=\"p2\"><span class=\"s2\">Istnieje mo\u017cliwo\u015b\u0107 zarezerwowania pracy na okres dw\u00f3ch dni, po wcze\u015bniejszym skontaktowania si\u0119 ze mn\u0105 drog\u0105 mailow\u0105.<\/span><\/p>\n<p class=\"p2\"><span class=\"s2\">Czas realizacji zam\u00f3wienia &#8211; od 3 do 10 dni.<\/span><\/p>\n<p class=\"p2\"><span class=\"s2\">Wysy\u0142am kurierem DPD.<\/span><\/p>\n<p class=\"p2\"><span class=\"s2\">140 z\u0142 &#8211; 170 z\u0142<\/span><\/p>\n<p class=\"p2\"><span class=\"s2\">170 z\u0142 &#8211; z ram\u0105<\/span><\/p>","protected":false},"excerpt":{"rendered":"<p>Reprodukcja W b\u0142\u0119kitach wolno\u015bci Reprodukcja obrazu o wymiarach 30 x 40 cm Drukowana jest na papierze bezkwasowym 100% Bawe\u0142na o gramaturze 320g Limitowany nak\u0142ad 10 szt. Do\u0142\u0105czony jest certyfikat autentyczno\u015bci Istnieje mo\u017cliwo\u015b\u0107 zarezerwowania pracy na okres dw\u00f3ch dni, po wcze\u015bniejszym skontaktowania si\u0119 ze mn\u0105 drog\u0105 mailow\u0105. Czas realizacji zam\u00f3wienia &#8211; od 3 do 10 dni. [&hellip;]<\/p>","protected":false},"featured_media":2516,"comment_status":"open","ping_status":"closed","template":"","meta":{"content-type":""},"product_cat":[31],"product_tag":[],"class_list":{"0":"post-2511","1":"product","2":"type-product","3":"status-publish","4":"has-post-thumbnail","6":"product_cat-reprodukcje-reprodukcje","8":"first","9":"instock","10":"shipping-taxable","11":"purchasable","12":"product-type-simple"},"aioseo_notices":[],"_links":{"self":[{"href":"https:\/\/artofdoris.com\/en\/wp-json\/wp\/v2\/product\/2511"}],"collection":[{"href":"https:\/\/artofdoris.com\/en\/wp-json\/wp\/v2\/product"}],"about":[{"href":"https:\/\/artofdoris.com\/en\/wp-json\/wp\/v2\/types\/product"}],"replies":[{"embeddable":true,"href":"https:\/\/artofdoris.com\/en\/wp-json\/wp\/v2\/comments?post=2511"}],"wp:featuredmedia":[{"embeddable":true,"href":"https:\/\/artofdoris.com\/en\/wp-json\/wp\/v2\/media\/2516"}],"wp:attachment":[{"href":"https:\/\/artofdoris.com\/en\/wp-json\/wp\/v2\/media?parent=2511"}],"wp:term":[{"taxonomy":"product_cat","embeddable":true,"href":"https:\/\/artofdoris.com\/en\/wp-json\/wp\/v2\/product_cat?post=2511"},{"taxonomy":"product_tag","embeddable":true,"href":"https:\/\/artofdoris.com\/en\/wp-json\/wp\/v2\/product_tag?post=2511"}],"curies":[{"name":"wp","href":"https:\/\/api.w.org\/{rel}","templated":true}]}}