{"id":2525,"date":"2025-05-18T00:42:37","date_gmt":"2025-05-17T23:42:37","guid":{"rendered":"https:\/\/artofdoris.com\/?post_type=product&#038;p=2525"},"modified":"2025-05-18T00:57:05","modified_gmt":"2025-05-17T23:57:05","slug":"letnie-wspomnienie-dzieciecych-marzen-2","status":"publish","type":"product","link":"https:\/\/artofdoris.com\/en\/product\/letnie-wspomnienie-dzieciecych-marzen-2\/","title":{"rendered":"Letnie wspomnienie dzieci\u0119cych marze\u0144"},"content":{"rendered":"<p class=\"p1\"><span class=\"s1\">Reprodukcja <\/span><\/p>\n<p class=\"p2\"><span class=\"s2\">Letnie wspomnienie dzieci\u0119cych marze\u0144<\/span><\/p>\n<p class=\"p2\"><span class=\"s2\">Reprodukcja obrazu o wymiarach 40 x 40 cm<\/span><\/p>\n<p class=\"p2\"><span class=\"s2\">Drukowana jest na papierze bezkwasowym 100%<\/span><\/p>\n<p class=\"p2\"><span class=\"s2\">Bawe\u0142na o gramaturze 308g<\/span><\/p>\n<p class=\"p2\"><span class=\"s2\">Limitowany nak\u0142ad 10 szt.<\/span><\/p>\n<p class=\"p2\"><span class=\"s2\">Do\u0142\u0105czony jest certyfikat autentyczno\u015bc<\/span><\/p>\n<p class=\"p2\"><span class=\"s2\">Istnieje mo\u017cliwo\u015b\u0107 zarezerwowania pracy na okres dw\u00f3ch dni, po wcze\u015bniejszym skontaktowania si\u0119 ze mn\u0105 drog\u0105 mailow\u0105.<\/span><\/p>\n<p class=\"p2\"><span class=\"s2\">Czas realizacji zam\u00f3wienia &#8211; od 3 do 10 dni.<\/span><\/p>\n<p class=\"p2\"><span class=\"s2\">Wysy\u0142am kurierem DPD.<\/span><\/p>\n<p class=\"p2\"><span class=\"s2\">150 z\u0142 &#8211; 180z<\/span><\/p>","protected":false},"excerpt":{"rendered":"<p>Reprodukcja Letnie wspomnienie dzieci\u0119cych marze\u0144 Reprodukcja obrazu o wymiarach 40 x 40 cm Drukowana jest na papierze bezkwasowym 100% Bawe\u0142na o gramaturze 308g Limitowany nak\u0142ad 10 szt. Do\u0142\u0105czony jest certyfikat autentyczno\u015bc Istnieje mo\u017cliwo\u015b\u0107 zarezerwowania pracy na okres dw\u00f3ch dni, po wcze\u015bniejszym skontaktowania si\u0119 ze mn\u0105 drog\u0105 mailow\u0105. Czas realizacji zam\u00f3wienia &#8211; od 3 do 10 [&hellip;]<\/p>","protected":false},"featured_media":2526,"comment_status":"open","ping_status":"closed","template":"","meta":{"content-type":""},"product_cat":[30],"product_tag":[],"class_list":{"0":"post-2525","1":"product","2":"type-product","3":"status-publish","4":"has-post-thumbnail","6":"product_cat-reprodukcje","8":"first","9":"instock","10":"shipping-taxable","11":"purchasable","12":"product-type-simple"},"aioseo_notices":[],"_links":{"self":[{"href":"https:\/\/artofdoris.com\/en\/wp-json\/wp\/v2\/product\/2525"}],"collection":[{"href":"https:\/\/artofdoris.com\/en\/wp-json\/wp\/v2\/product"}],"about":[{"href":"https:\/\/artofdoris.com\/en\/wp-json\/wp\/v2\/types\/product"}],"replies":[{"embeddable":true,"href":"https:\/\/artofdoris.com\/en\/wp-json\/wp\/v2\/comments?post=2525"}],"wp:featuredmedia":[{"embeddable":true,"href":"https:\/\/artofdoris.com\/en\/wp-json\/wp\/v2\/media\/2526"}],"wp:attachment":[{"href":"https:\/\/artofdoris.com\/en\/wp-json\/wp\/v2\/media?parent=2525"}],"wp:term":[{"taxonomy":"product_cat","embeddable":true,"href":"https:\/\/artofdoris.com\/en\/wp-json\/wp\/v2\/product_cat?post=2525"},{"taxonomy":"product_tag","embeddable":true,"href":"https:\/\/artofdoris.com\/en\/wp-json\/wp\/v2\/product_tag?post=2525"}],"curies":[{"name":"wp","href":"https:\/\/api.w.org\/{rel}","templated":true}]}}